{"id":229,"date":"2015-07-27T03:29:01","date_gmt":"2015-07-27T03:29:01","guid":{"rendered":"http:\/\/demo.vegatheme.com\/archilight\/?page_id=229"},"modified":"2025-11-13T19:12:31","modified_gmt":"2025-11-13T19:12:31","slug":"about","status":"publish","type":"page","link":"https:\/\/studiojminteriores.com.br\/?page_id=229","title":{"rendered":"About"},"content":{"rendered":"<div class=\"wpb-content-wrapper\"><p>[vc_row fullwidth=&#8221;yes&#8221; css=&#8221;.vc_custom_1474447018555{background-position: 0 0 !important;background-repeat: no-repeat !important;}&#8221; el_class=&#8221;side-bg no-padding&#8221;][vc_column]\t<!-- Element: OT Quick Office -->\n\t<div class=\"side-bg\">\n\n\t\t<div class=\"image-container hidden-xs pull-left col-md-5\" style=\"background-image:url(https:\/\/studiojminteriores.com.br\/wp-content\/uploads\/2015\/07\/bg-side-11.jpg); ?>\" data-delay=\"0\"><\/div>\n\n\t\t<!-- Added this code in 26\/03\/2019 -->\n\t\t<img decoding=\"async\" class=\"visible-xs img-responsive\" src=\"https:\/\/studiojminteriores.com.br\/wp-content\/uploads\/2015\/07\/bg-side-11.jpg\" \/>\n\n        <div class=\"container\">\n            <div class=\"row\">\n                <div class=\"inner-padding\">\n                    <div class=\"col-md-6 col-md-offset-6 wow fadeInRight\" data-wow-delay=\".2s\">\n                        <h2>Design Reconhecido pela Qualidade<\/h2><br\/>\n                        Cada projeto \u00e9 desenvolvido com aten\u00e7\u00e3o aos detalhes, foco no produto e compromisso com o resultado. O reconhecimento vem dos profissionais que usam o design para vender mais, apresentar melhor e encantar seus clientes. \u00c9 design que se destaca \u2014 e faz voc\u00ea se destacar tamb\u00e9m.<br \/>\nCom solu\u00e7\u00f5es personalizadas, o projeto valoriza o que voc\u00ea oferece e cria ambientes que conectam com o cliente final. N\u00e3o \u00e9 sobre decorar, \u00e9 sobre comunicar valor. E quando o design fala, o cliente escuta.                    <\/div>\n                    <div class=\"clearfix\"><\/div>\n                <\/div>\n            <\/div>\n        <\/div>\n\t<\/div>\n\n[\/vc_column][\/vc_row][vc_row css=&#8221;.vc_custom_1438749369192{padding-top: 90px !important;padding-bottom: 90px !important;background-color: #f5f5f5 !important;}&#8221;][vc_column animate=&#8221;fadeinup&#8221; el_class=&#8221;container-4&#8243;]\n\t<!-- Element: OT Our Team --> \t \n    <!-- team member -->\n    <div class=\"de-team-list team-box wow fadeInUp\">\n    \t\t        <div class=\"team-pic\">\n\t        \t<img loading=\"lazy\" decoding=\"async\" width=\"200\" height=\"200\" src=\"https:\/\/studiojminteriores.com.br\/wp-content\/uploads\/2025\/11\/WhatsApp-Image-2025-11-13-at-15.52.05.jpeg\" class=\"img-responsive\" alt=\"Jacqueline Martins\" srcset=\"https:\/\/studiojminteriores.com.br\/wp-content\/uploads\/2025\/11\/WhatsApp-Image-2025-11-13-at-15.52.05.jpeg 200w, https:\/\/studiojminteriores.com.br\/wp-content\/uploads\/2025\/11\/WhatsApp-Image-2025-11-13-at-15.52.05-150x150.jpeg 150w\" sizes=\"auto, (max-width: 200px) 100vw, 200px\" title=\"WhatsApp Image 2025-11-13 at 15.52.05\" \/>          \n\t        <\/div>\n                <div class=\"team-desc\">\n            <h3>Jacqueline Martins<\/h3>\n            <p class=\"lead\">Design de Interiores<\/p>            <div class=\"small-border\"><\/div>\n            <p>Sou designer de interiores em S\u00e3o Jos\u00e9, SC, especializado em solu\u00e7\u00f5es para marceneiros e lojistas.<\/p>            <div class=\"social\">\n                <a href=\"https:\/\/facebook.com\/jacquelinemartinsprojetista\" target=\"_blank\" rel=\"noopener\"><i class=\"fa fa-facebook fa-lg\"><\/i><\/a>                <a href=\"https:\/\/instagram.com\/studiojminteriores\" target=\"_blank\" rel=\"noopener\"><i class=\"fa fa-instagram fa-lg\"><\/i><\/a>                                            <\/div>\n        <\/div>\n    <\/div>\n    <!-- team close -->\n\n[\/vc_column][\/vc_row][vc_row css=&#8221;.vc_custom_1495705952142{padding-top: 90px !important;padding-bottom: 90px !important;background-image: url(https:\/\/studiojminteriores.com.br\/wp-content\/uploads\/2015\/10\/bg-3.jpg?id=815) !important;background-position: center !important;background-repeat: no-repeat !important;background-size: cover !important;}&#8221; el_class=&#8221;text-light bg-fixed&#8221;][vc_column animate=&#8221;fadeinup&#8221;]\n\t<!-- Element: OT Heading --> \t \n\t<h1 class=\"ot_custom_heading  \" style=\"text-align: center;color: #ffffff;\" >Customer Says<\/h1>\t\n\t<!-- Element: OT Line solid --> \t \n\t<div class=\" separator \"><span><i class=\"fa fa-circle\"><\/i><\/span><\/div>\n\t<div class=\"spacer-single\"><\/div>\t      \n[\/vc_column][vc_column]\t<!-- Element: OT Testimonial Silder -->\t\n\t<div class=\"testimonial__carousel de_carousel wow fadeInUp\" data-wow-delay=\".3s\" data-visible=\"2\" data-autoplay=\"false\" data-autoheight=\"false\" data-speed=\"200\" data-navspeed=\"800\" data-rewinspeed=\"1000\">\n\t        <div class=\"col-md-12 item\">\n            <div class=\"de_testi\">\n                <blockquote>\n                    <p><!--StartFragment --><\/p>\n<p>&#8220;Foi como dar vida ao que eu j\u00e1 fazia bem. Agora, com apresenta\u00e7\u00e3o, ficou completo.&#8221;<\/p>\n<p><!--EndFragment --><\/p>\n                    <div class=\"de_testi_by no-margin\">\n\n                    \t\n\t\t\t\t\t\t<div >\n                        \tFicou completo                        <\/div>\n\n                    <\/div>\n                <\/blockquote>\n            <\/div>\n        <\/div>\n                <div class=\"col-md-12 item\">\n            <div class=\"de_testi\">\n                <blockquote>\n                    <p>&#8220;Consegui mostrar meu trabalho de forma profissional. O projeto fez toda a diferen\u00e7a na negocia\u00e7\u00e3o.&#8221;<\/p>\n                    <div class=\"de_testi_by no-margin\">\n\n                    \t\n\t\t\t\t\t\t<div >\n                        \tO projeto fez a diferen\u00e7a                        <\/div>\n\n                    <\/div>\n                <\/blockquote>\n            <\/div>\n        <\/div>\n                <div class=\"col-md-12 item\">\n            <div class=\"de_testi\">\n                <blockquote>\n                    <p>&#8220;Desenho inteligente, funcional e direto ao ponto. Me ajudou a apresentar com mais seguran\u00e7a.&#8221;<\/p>\n                    <div class=\"de_testi_by no-margin\">\n\n                    \t\n\t\t\t\t\t\t<div >\n                        \tDesenho Inteligente                        <\/div>\n\n                    <\/div>\n                <\/blockquote>\n            <\/div>\n        <\/div>\n                <div class=\"col-md-12 item\">\n            <div class=\"de_testi\">\n                <blockquote>\n                    <p>&#8220;O projeto valorizou meu produto e facilitou a venda. O cliente entendeu o valor na hora!&#8221;<\/p>\n                    <div class=\"de_testi_by no-margin\">\n\n                    \t\n\t\t\t\t\t\t<div >\n                        \tValorizou meu produto                        <\/div>\n\n                    <\/div>\n                <\/blockquote>\n            <\/div>\n        <\/div>\n            <\/div>\n\n[\/vc_column][\/vc_row][vc_row fullwidth=&#8221;yes&#8221; css=&#8221;.vc_custom_1442204580531{padding-top: 60px !important;padding-bottom: 60px !important;}&#8221; el_class=&#8221;call-to-action bg-color text-center&#8221;][vc_column]\t\t\t\n\t<!-- Element: OT Button --> \n\t\t\t<a href=\"http:\/\/demo.archiwp.com\/light-version\/contact\/\" target=\"_self\" class=\"btn btn-line-black btn-big  \" rel=\"noopener\">Talk With Us<\/a>\n\t    \n[\/vc_column][\/vc_row]<\/p>\n<\/div>","protected":false},"excerpt":{"rendered":"<p>[vc_row fullwidth=&#8221;yes&#8221; css=&#8221;.vc_custom_1474447018555{background-position: 0 0 !important;background-repeat: no-repeat !important;}&#8221; el_class=&#8221;side-bg no-padding&#8221;][vc_column][\/vc_column][\/vc_row][vc_row css=&#8221;.vc_custom_1438749369192{padding-top: 90px !important;padding-bottom: 90px !important;background-color: #f5f5f5 !important;}&#8221;][vc_column animate=&#8221;fadeinup&#8221; el_class=&#8221;container-4&#8243;][\/vc_column][\/vc_row][vc_row css=&#8221;.vc_custom_1495705952142{padding-top: 90px !important;padding-bottom: 90px !important;background-image: url(https:\/\/studiojminteriores.com.br\/wp-content\/uploads\/2015\/10\/bg-3.jpg?id=815) !important;background-position: center !important;background-repeat: no-repeat !important;background-size: cover !important;}&#8221; el_class=&#8221;text-light bg-fixed&#8221;][vc_column animate=&#8221;fadeinup&#8221;][\/vc_column][vc_column][\/vc_column][\/vc_row][vc_row fullwidth=&#8221;yes&#8221; css=&#8221;.vc_custom_1442204580531{padding-top: 60px !important;padding-bottom: 60px !important;}&#8221; el_class=&#8221;call-to-action bg-color text-center&#8221;][vc_column][\/vc_column][\/vc_row]<\/p>\n","protected":false},"author":1,"featured_media":0,"parent":0,"menu_order":0,"comment_status":"open","ping_status":"open","template":"page-templates\/template-fullwidth.php","meta":{"footnotes":""},"class_list":["post-229","page","type-page","status-publish","hentry"],"_links":{"self":[{"href":"https:\/\/studiojminteriores.com.br\/index.php?rest_route=\/wp\/v2\/pages\/229","targetHints":{"allow":["GET"]}}],"collection":[{"href":"https:\/\/studiojminteriores.com.br\/index.php?rest_route=\/wp\/v2\/pages"}],"about":[{"href":"https:\/\/studiojminteriores.com.br\/index.php?rest_route=\/wp\/v2\/types\/page"}],"author":[{"embeddable":true,"href":"https:\/\/studiojminteriores.com.br\/index.php?rest_route=\/wp\/v2\/users\/1"}],"replies":[{"embeddable":true,"href":"https:\/\/studiojminteriores.com.br\/index.php?rest_route=%2Fwp%2Fv2%2Fcomments&post=229"}],"version-history":[{"count":3,"href":"https:\/\/studiojminteriores.com.br\/index.php?rest_route=\/wp\/v2\/pages\/229\/revisions"}],"predecessor-version":[{"id":1547,"href":"https:\/\/studiojminteriores.com.br\/index.php?rest_route=\/wp\/v2\/pages\/229\/revisions\/1547"}],"wp:attachment":[{"href":"https:\/\/studiojminteriores.com.br\/index.php?rest_route=%2Fwp%2Fv2%2Fmedia&parent=229"}],"curies":[{"name":"wp","href":"https:\/\/api.w.org\/{rel}","templated":true}]}}